{"id":4014,"date":"2022-03-28T09:45:15","date_gmt":"2022-03-28T09:45:15","guid":{"rendered":"https:\/\/equus-medienagentur.com\/?page_id=4014"},"modified":"2022-06-26T23:59:06","modified_gmt":"2022-06-26T23:59:06","slug":"impressum","status":"publish","type":"page","link":"https:\/\/equus-medienagentur.com\/en\/impressum","title":{"rendered":"Impressum + Disclaimer"},"content":{"rendered":"<div data-elementor-type=\"wp-page\" data-elementor-id=\"4014\" class=\"elementor elementor-4014\" data-elementor-post-type=\"page\">\n\t\t\t\t\t\t<section class=\"elementor-section elementor-top-section elementor-element elementor-element-60499a9 elementor-section-boxed elementor-section-height-default elementor-section-height-default edgtf-parallax-row-no edgtf-content-aligment-left edgtf-row-grid-no edgtf-disabled-bg-image-bellow-no\" data-id=\"60499a9\" data-element_type=\"section\">\n\t\t\t\t\t\t<div class=\"elementor-container elementor-column-gap-default\">\n\t\t\t\t\t<div class=\"elementor-column elementor-col-100 elementor-top-column elementor-element elementor-element-b97b0d8\" data-id=\"b97b0d8\" data-element_type=\"column\">\n\t\t\t<div class=\"elementor-widget-wrap elementor-element-populated\">\n\t\t\t\t\t\t<div class=\"elementor-element elementor-element-dc2afc0 elementor-widget elementor-widget-text-editor\" data-id=\"dc2afc0\" data-element_type=\"widget\" data-widget_type=\"text-editor.default\">\n\t\t\t\t<div class=\"elementor-widget-container\">\n\t\t\t\t\t\t\t\t\t<p><strong>Dikla<\/strong><b> Stern M.A. Kommunikationsdesign<br \/>Postfach (P.O.B.) 44 05 07 | 12005 Berlin\/ Germany\u00a0<\/b><\/p><p><b>Steuer-Nr.: 16\/545\/00078<\/b><\/p><p><b>Telefon: +49-(0)30-2461 7799<br \/>Email:\u00a0info@equus-medienagentur.com<br \/>Web site: https:\/\/www.equus-medienagentur.com<\/b><\/p><p>Verantwortlich f\u00fcr Konzeption, Planung, Design und Inhalt der Webseiten: Dikla Stern<\/p><p>Programmierung:\u00a0Dustin Herzog<\/p><p>Fotografien u.a.:<br \/>Dikla Stern, Pexels: Pixabay, Anna Nekrashevich, Abendrot, Karolina Grabowska<\/p><p>ALLE BILDER AUF DIESER WEBSITE UNTERLIEGEN DEM URHEBERSCHUTZGESETZ UND SOMIT F\u00dcR JEDE WEITERGEHENDE KOMMERZIELLE VERWENDUNG ODER VER\u00d6FFENTLICHUNG SOWIE SPEICHERUNG ODER IN JEDER FORM VON GEWERBLICHER NUTZUNG NICHT ERLAUBT!<\/p><p>Haftungshinweis: F\u00fcr die Inhalte externer Links wird unsererseits keine Haftung \u00fcbernommen. F\u00fcr den Inhalt der verlinkten Seiten sind ausschlie\u00dflich deren Betreiber verantwortlich.<\/p><p>\u00a9 Equus \u2013 Print Online Social Media Management, Dikla Stern 2022<\/p><p><strong>Disclaimer<\/strong><\/p><p><strong>1. Haftungsbeschr\u00e4nkung<\/strong><\/p><p>Inhalte dieser Website<\/p><p>Die Inhalte dieser Website werden mit gr\u00f6\u00dftm\u00f6glicher Sorgfalt erstellt. Der Anbieter \u00fcbernimmt jedoch keine Gew\u00e4hr f\u00fcr die Richtigkeit, Vollst\u00e4ndigkeit und Aktualit\u00e4t der bereitgestellten Inhalte. Die Nutzung der Inhalte der Website erfolgt auf eigene Gefahr des Nutzers. Namentlich gekennzeichnete Beitr\u00e4ge geben die Meinung des jeweiligen Autors und nicht immer die Meinung des Anbieters wieder.<\/p><p>Verf\u00fcgbarkeit der Website<\/p><p>Der Anbieter wird sich bem\u00fchen, den Dienst m\u00f6glichst unterbrechungsfrei zum Abruf anzubieten. Auch bei aller Sorgfalt k\u00f6nnen aber Ausfallzeiten nicht ausgeschlossen werden. Der Anbieter beh\u00e4lt sich das Recht vor, sein Angebot jederzeit zu \u00e4ndern oder einzustellen.<\/p><p>Externe Links<\/p><p>Diese Website enth\u00e4lt Verkn\u00fcpfungen zu Websites Dritter (\u201cexterne Links\u201d). Diese Websites unterliegen der Haftung der jeweiligen Betreiber. Der Anbieter hat bei der erstmaligen Verkn\u00fcpfung der externen Links die fremden Inhalte daraufhin \u00fcberpr\u00fcft, ob etwaige Rechtsverst\u00f6\u00dfe bestehen. Zu dem Zeitpunkt waren keine Rechtsverst\u00f6\u00dfe ersichtlich. Der Anbieter hat keinerlei Einfluss auf die aktuelle und zuk\u00fcnftige Gestaltung und auf die Inhalte der verkn\u00fcpften Seiten. Das Setzen von externen Links bedeutet nicht, dass sich der Anbieter die hinter dem Verweis oder Link liegenden Inhalte zu Eigen macht. Eine st\u00e4ndige Kontrolle dieser externen Links ist f\u00fcr den Anbieter ohne konkrete Hinweise auf Rechtsverst\u00f6\u00dfe nicht zumutbar. Bei Kenntnis von Rechtsverst\u00f6\u00dfen werden jedoch derartige externe Links unverz\u00fcglich gel\u00f6scht.<\/p><p>Werbeanzeigen<\/p><p>F\u00fcr den Inhalt der Werbeanzeigen ist der jeweilige Autor verantwortlich, ebenso wie f\u00fcr den Inhalt der beworbenen Website. Die Darstellung der Werbeanzeige stellt keine Akzeptanz durch den Anbieter dar.<\/p><p>Kein Vertragsverh\u00e4ltnis<\/p><p>Mit der Nutzung der Website des Anbieters kommt keinerlei Vertragsverh\u00e4ltnis zwischen dem Nutzer und dem Anbieter zustande. Insofern ergeben sich auch keinerlei vertragliche oder quasi-vertragliche Anspr\u00fcche gegen den Anbieter.<\/p><p><strong>2. Urheberrecht<\/strong><\/p><p>Die auf dieser Website ver\u00f6ffentlichten Inhalte unterliegen dem deutschen Urheberrecht. Jede vom deutschen Urheberrecht nicht zugelassene Verwertung bedarf der vorherigen schriftlichen Zustimmung des Anbieters oder jeweiligen Rechteinhabers. Dies gilt insbesondere f\u00fcr Vervielf\u00e4ltigung, Bearbeitung, \u00dcbersetzung, Einspeicherung, Verarbeitung bzw. Wiedergabe von Inhalten in Datenbanken oder anderen elektronischen Medien und Systemen. Inhalte und Rechte Dritter sind dabei als solche gekennzeichnet. Die unerlaubte Vervielf\u00e4ltigung oder Weitergabe einzelner Inhalte oder kompletter Seiten ist nicht gestattet und strafbar. Lediglich die Herstellung von Kopien und Downloads f\u00fcr den pers\u00f6nlichen, privaten und nicht kommerziellen Gebrauch ist erlaubt. Links zur Website des Anbieters sind jederzeit willkommen und bed\u00fcrfen keiner Zustimmung durch den Anbieter der Website. Die Darstellung dieser Website in fremden Frames ist nur mit Erlaubnis zul\u00e4ssig.<\/p><p><strong>3. Datenschutz<\/strong><\/p><p>Durch den Besuch der Website des Anbieters k\u00f6nnen Informationen \u00fcber den Zugriff (Datum, Uhrzeit, betrachtete Seite) auf dem Server gespeichert werden. Diese Daten geh\u00f6ren nicht zu den personenbezogenen Daten, sondern sind anonymisiert. Sie werden ausschlie\u00dflich zu statistischen Zwecken ausgewertet. Eine Weitergabe an Dritte, zu kommerziellen oder nichtkommerziellen Zwecken, findet nicht statt. Der Anbieter weist ausdr\u00fccklich darauf hin, dass die Daten\u00fcbertragung im Internet (z.B. bei der Kommunikation per E-Mail) Sicherheitsl\u00fccken aufweisen und nicht l\u00fcckenlos vor dem Zugriff durch Dritte gesch\u00fctzt werden kann.<\/p><p>Die Verwendung der Kontaktdaten des Impressums zur gewerblichen Werbung ist ausdr\u00fccklich nicht erw\u00fcnscht, es sei denn der Anbieter hatte zuvor seine schriftliche Einwilligung erteilt oder es besteht bereits eine Gesch\u00e4ftsbeziehung. Der Anbieter und alle auf dieser Website genannten Personen widersprechen hiermit jeder kommerziellen Verwendung und Weitergabe ihrer Daten.<\/p><p><strong>4. Anwendbares Recht<\/strong><\/p><p>Es gilt ausschlie\u00dflich das ma\u00dfgebliche Recht der Bundesrepublik Deutschland.<\/p><p><strong>5. Besondere Nutzungsbedingungen*<\/strong><\/p><p>Soweit besondere Bedingungen f\u00fcr einzelne Nutzungen dieser Website von den vorgenannten Nummern 1. bis 4. abweichen, wird an entsprechender Stelle ausdr\u00fccklich darauf hingewiesen. In diesem Falle gelten im jeweiligen Einzelfall die besonderen Nutzungsbedingungen.<\/p>\t\t\t\t\t\t\t\t<\/div>\n\t\t\t\t<\/div>\n\t\t\t\t\t<\/div>\n\t\t<\/div>\n\t\t\t\t\t<\/div>\n\t\t<\/section>\n\t\t\t\t<\/div>","protected":false},"excerpt":{"rendered":"<p>Dikla Stern M.A. Kommunikationsdesign Postfach (P.O.B.) 44 05 07 | 12005 Berlin\/ Germany&nbsp; Steuer-Nr.: 16\/545\/00078 Telefon: +49-(0)30-2461 7799 Email:&nbsp;info@equus-medienagentur.com Web site: https:\/\/www.equus-medienagentur.com Verantwortlich f\u00fcr Konzeption, Planung, Design und Inhalt der Webseiten: Dikla Stern Programmierung:&nbsp;Dustin Herzog Fotografien u.a.: Dikla Stern, Pexels: [&hellip;]<\/p>","protected":false},"author":2,"featured_media":0,"parent":0,"menu_order":0,"comment_status":"closed","ping_status":"closed","template":"","meta":{"footnotes":""},"class_list":["post-4014","page","type-page","status-publish","hentry"],"_links":{"self":[{"href":"https:\/\/equus-medienagentur.com\/en\/wp-json\/wp\/v2\/pages\/4014","targetHints":{"allow":["GET"]}}],"collection":[{"href":"https:\/\/equus-medienagentur.com\/en\/wp-json\/wp\/v2\/pages"}],"about":[{"href":"https:\/\/equus-medienagentur.com\/en\/wp-json\/wp\/v2\/types\/page"}],"author":[{"embeddable":true,"href":"https:\/\/equus-medienagentur.com\/en\/wp-json\/wp\/v2\/users\/2"}],"replies":[{"embeddable":true,"href":"https:\/\/equus-medienagentur.com\/en\/wp-json\/wp\/v2\/comments?post=4014"}],"version-history":[{"count":14,"href":"https:\/\/equus-medienagentur.com\/en\/wp-json\/wp\/v2\/pages\/4014\/revisions"}],"predecessor-version":[{"id":4529,"href":"https:\/\/equus-medienagentur.com\/en\/wp-json\/wp\/v2\/pages\/4014\/revisions\/4529"}],"wp:attachment":[{"href":"https:\/\/equus-medienagentur.com\/en\/wp-json\/wp\/v2\/media?parent=4014"}],"curies":[{"name":"wp","href":"https:\/\/api.w.org\/{rel}","templated":true}]}}