{"id":4019,"date":"2022-03-28T09:46:50","date_gmt":"2022-03-28T09:46:50","guid":{"rendered":"https:\/\/equus-medienagentur.com\/?page_id=4019"},"modified":"2022-06-26T23:59:11","modified_gmt":"2022-06-26T23:59:11","slug":"datenschutz","status":"publish","type":"page","link":"https:\/\/equus-medienagentur.com\/en\/datenschutz","title":{"rendered":"DATA PRIVACY"},"content":{"rendered":"<div data-elementor-type=\"wp-page\" data-elementor-id=\"4019\" class=\"elementor elementor-4019\" data-elementor-post-type=\"page\">\n\t\t\t\t\t\t<section class=\"elementor-section elementor-top-section elementor-element elementor-element-c4a5a2a elementor-section-boxed elementor-section-height-default elementor-section-height-default edgtf-parallax-row-no edgtf-content-aligment-left edgtf-row-grid-no edgtf-disabled-bg-image-bellow-no\" data-id=\"c4a5a2a\" data-element_type=\"section\">\n\t\t\t\t\t\t<div class=\"elementor-container elementor-column-gap-default\">\n\t\t\t\t\t<div class=\"elementor-column elementor-col-100 elementor-top-column elementor-element elementor-element-654c22f\" data-id=\"654c22f\" data-element_type=\"column\">\n\t\t\t<div class=\"elementor-widget-wrap elementor-element-populated\">\n\t\t\t\t\t\t<div class=\"elementor-element elementor-element-b167b42 elementor-widget elementor-widget-text-editor\" data-id=\"b167b42\" data-element_type=\"widget\" data-widget_type=\"text-editor.default\">\n\t\t\t\t<div class=\"elementor-widget-container\">\n\t\t\t\t\t\t\t\t\t<p><strong>EU- Datenschutzgrundverordnung (DSGVO) g\u00fcltig ab 25.05.2018<\/strong><\/p><p><strong>Datenschutzerkl\u00e4rung\u00a0<\/strong><\/p><p>Willkommen auf meiner Seite. Auf Equus \u2013 Print Online Social Media Management, werden keine personenbezogene Daten angefragt. Die Nutzung der Seite ist somit ohne pers\u00f6nliche Angaben m\u00f6glich. Sollten Sie mit mir aufgrund Anfragen, etc. \u00fcber Email in Kontakt treten, kann eine Verarbeitung personenbezogener Daten erforderlich werden. Es werden mit Ihrer Einwilligung ausschlie\u00dflich Daten gespeichert, die f\u00fcr die Kommunikation, etc. ben\u00f6tigt werden (Email, Name, Anschrift, Adresse, Telefonnummer). Diese Daten sind im Einklang mit der landesspezifischen Datenschutzverordnung.<\/p><p>Weiterhin werden keine Personendaten verkauft und\/ oder auch nicht Dritten \u00fcberlassen. Kommunizieren Sie per Mail mit mir, erkl\u00e4ren Sie sich mit der Speicherung der Email und der Kommunikation einverstanden. Gem\u00e4\u00df den gesetzlichen Datenschutzbestimmungen sind alle \u00fcbermittelten personenbezogenen Daten zeitlich unbegrenzt gesch\u00fctzt. Mit dieser Datenschutzerkl\u00e4rung erhalten Sie zus\u00e4tzlich n\u00e4here Informationen \u00fcber die Art, Umfang und Zweck der erhobenen, genutzten und verarbeiteten Daten. Zus\u00e4tzlich werden Sie \u00fcber diese Datenschutzerkl\u00e4rung \u00fcber die ihnen zustehenden Rechte aufgekl\u00e4rt.<\/p><p><strong>Begriffsbestimmungen<\/strong><\/p><p>Die Datenschutzerkl\u00e4rung beruht teilweise auf den Begrifflichkeiten, die durch den Europ\u00e4ischen Richtlinien- und Verordnungsgeber beim Erlass der Datenschutz-Grundverordnung (DS-GVO) verwendet wurden. Die Datenschutzerkl\u00e4rung soll f\u00fcr jeden einfach lesbar und verst\u00e4ndlich sein. Um dies zu gew\u00e4hrleisten, werden Begrifflichkeiten im Anhang n\u00e4her erl\u00e4utert.<\/p><p><strong>SSL-Verschl\u00fcsselung<\/strong><\/p><p>Ein wichtiger Schritt zur Absicherung und Verschl\u00fcsselung des \u00dcbertragungsweges ist der Einsatz von SSL-Zertifikaten. Auf den Seiten Equus \u2013 Print Online Social Media Management werden diese SSL-Zertifikate verwendet. Alle Inhalte der Seite Equus \u2013 Print Online Social Media Management liegen auf gesicherten Servern bei 1&amp;1 Ionos. Die Kommunikation ist ab diesen Zeitpunkt verschl\u00fcsselt. Der Einsatz eines SSL-Zertifikats hat Vorteile wie die Sicherstellung mit der richtigen Adresse verbunden zu sein oder abh\u00f6rsichere und integre Daten\u00fcbertragung. Dennoch k\u00f6nnen Internetbasierte Daten\u00fcbertragungen grunds\u00e4tzlich Sicherheitsl\u00fccken aufweisen, sodass ein absoluter Schutz nicht gew\u00e4hrleistet werden kann. Aus diesem Grund steht es jeder Person frei, personenbezogene Daten auch auf alternativen Wegen, beispielsweise telefonisch, zu \u00fcbermitteln.<\/p><p><strong>Erfassung und Zweck von allgemeinen Daten und Informationen<\/strong><\/p><p>F\u00fcr einen benutzerfreundlichen Betrieb verwendet 1&amp;1 IonosCookies, Log-Files sowie 1&amp;1 Ionos Web-Analytics. 1&amp;1 Ionos erhebt f\u00fcr statistische Zwecke nichtpersonenbezogene Daten, die anonym erfasst werden wie z. B. Angeforderte Webseite, IP-Adressen, Besucherdaten, Besucherzahlen, Besucherzeiten, Besucherverhalten, Seitenanalyse, Herkunftsseiten, Datum und Uhrzeit, Besucherstandorte, Browser-Versionen und Betriebssysteme\/Versionen auf bestimmten Websites oder andere unspezifische Angaben der Art. 20 der neuen Datenschutzverordnung f\u00fchrt das \u201eRecht auf Daten\u00fcbertragbarkeit\u201c ein. Kurz zusammengefasst bedeutet dies: Dikla Stern kann diese Daten, in einem strukturierten, g\u00e4ngigen und maschinenlesbaren Format erhalten.<\/p><p><strong>Dritter<\/strong><\/p><p>Inhalte und Webhosting werden, wie oben schon erw\u00e4hnt, auf den Servern bei 1&amp;1 Ionos gespeichert und verwaltet. 1&amp;1 Ionos geh\u00f6rt zum Konzern der United Internet AG, Montabaur (Adresse: 1&amp;1 Ionos Internet SE, Elgendorfer Str. 57, 56410 Montabaur). 1&amp;1 Ionos ist verpflichtet Daten im jeweils erforderlichen Ma\u00df zu sichern und vor unbefugten Kenntnisnahme Dritter zu sch\u00fctzen. Zur Erf\u00fcllung der vertraglichen vereinbarten Leistungspflichten kann 1&amp;1 Ionos jedoch dritte Unternehmen mit Leistungen unterbeauftragen (z.B. in einigen wenigen F\u00e4llen verpflichtet der Gesetzgeber f\u00fcr Zwecke der Strafverfolgung zur Auskunft an Strafverfolgungsbeh\u00f6rden und Gerichte). 1&amp;1 Ionos sowie Mitarbeiter sind bei der Verarbeitung von Daten zur Wahrung des Datengeheimnisses im Sinne des \u00a7 5 BDSG verpflichtet.<\/p><p><strong>Auftragsverarbeitungsvertrag (AVV)<\/strong><\/p><p>Zwischen Dikla Stern und 1&amp;1 Ionos besteht eine Vereinbarung zur Auftragsverarbeitung (AVV).<br \/>Detaillierte Informationen zum Datenschutzgrundverordnung bei 1&amp;1 Ionos:\u00a0https:\/\/www.ionos.de\/hilfe\/datenschutz\/<\/p><p><strong>Auskunftsrecht, Recht auf Best\u00e4tigung, Recht auf L\u00f6schung und Widerruf<\/strong><\/p><p>EU-B\u00fcrger haben das Recht, auf Anfrage zu erfahren, ob und \u00fcber welche ihrer Daten Dikla Stern sowie 1&amp;1 Ionos verf\u00fcgt und wie diese verwendet werden. M\u00f6chten Sie dieses Recht in Anspruch nehmen, k\u00f6nnen Sie sich hierzu jederzeit unentgeltlich an mich wenden. Au\u00dferdem k\u00f6nnen Sie als Verbraucher einfordern, ihre Daten zu l\u00f6schen, sollten Daten gespeichert sein. M\u00f6chten Sie ihr Recht auf Widerruf einer Einwilligung geltend machen, wenden Sie sich hierzu ebenfalls jederzeit an mich, Dikla Stern (siehe Namen und Anschrift).<\/p><p><strong>Name und Anschrift<\/strong><\/p><p>Dikla Stern M.A. \u2013 Political Satirical Pop Art<br \/>Postfach 440507<br \/>12005\u00a0Berlin<br \/>Deutschland<\/p><p>Email:\u00a0info [at] equus-medienagentur.com<br \/>Tel.: +49\u00a0(0)30 \u2013 2461 7799<br \/>Webseite:\u00a0https:\/\/equus-medienagentur.com\/<\/p><p><strong>Datenschutzbestimmungen zum Einsatz und Verwendung von sozialen Netzwerken und Shops<\/strong><\/p><p>Dikla Stern verweist auf externe Social-Media-Internetseiten, wie z.B. der Unternehmen Facebook \/ Meta, Instagram, LinkedIn und privaten Partnern. Diese Verweisungen sind Verlinkungen. Die soziales Netzwerke sind ein im Internet betriebener sozialer Treffpunkt, eine Online-Gemeinschaft, die es den Nutzern in der Regel erm\u00f6glicht, untereinander zu kommunizieren und im virtuellen Raum zu interagieren. Ein soziales Netzwerk kann als Plattform zum Austausch von Meinungen und Erfahrungen dienen oder erm\u00f6glicht es der Internetgemeinschaft, pers\u00f6nliche oder unternehmensbezogene Informationen bereitzustellen. Die Netzwerke erm\u00f6glichen den Nutzern unter anderem die Erstellung von privaten Profilen, den Upload von Fotos und eine Vernetzung \u00fcber Freundschaftsanfragen, u.w.<\/p><p>Durch jeden Aufruf einer der Einzelseiten (Verlinkungen) der Netzwerke, die von der Seite Equus \u2013 Print Online Social Media Management verweisen, kann eine Komponente (Plug-In) integriert sein, der den Internetbrowser auf dem informationstechnologischen System der betroffenen Person automatisch durch die jeweilige Komponente veranlasst, eine Darstellung der entsprechenden Komponente des jeweiligen Netzwerks herunterzuladen. Im Rahmen dieses technischen Verfahrens erhalten die Netzwerke Kenntnis dar\u00fcber, welche konkrete Unterseite unserer Internetseite durch Sie (betroffene Person) besucht wird.<\/p><p>Sofern Sie (betroffene Person) gleichzeitig bei dem Netzwerk eingeloggt sind, kann es sein, dass diese mit jedem Aufruf unserer Internetseite durch Sie (betroffene Person) und w\u00e4hrend der gesamten Dauer des jeweiligen Aufenthaltes auf unserer Internetseite erkennt, welche konkrete Unterseite Sie besuchen. Diese Informationen werden durch die jeweiligen Komponenten gesammelt und Ihrem (wenn vorhanden) jeweiligen Account zugeordnet. Bet\u00e4tigen Sie einen der auf unserer Internetseite integrierten Buttons, beispielsweise den \u201eGef\u00e4llt mir\u201c-Button, oder geben Sie ein Kommentar ab, k\u00f6nnen diese Informationen Ihrem pers\u00f6nlichen Benutzerkonto zugeordnet und gespeichert werden. Diese sind personenbezogene Daten.<\/p><p>Die Netzwerke erhalten \u00fcber die Komponenten immer dann eine Information dar\u00fcber, dass Sie unsere Internetseite besucht haben, wenn Sie zum Zeitpunkt des Aufrufs unserer Internetseite gleichzeitig in dem jeweiligen Netzwerk eingeloggt sind; dies findet unabh\u00e4ngig davon statt, ob Sie die Komponente anklicken oder nicht. Ist eine derartige \u00dcbermittlung dieser Informationen nicht gewollt, kann die \u00dcbermittlung dadurch verhindern werden, dass sie sich vor einem Aufruf unserer Internetseite aus ihrem Accounts ausloggen.<\/p><p>Die von den Netzwerken ver\u00f6ffentlichte Datenrichtlinien, geben Aufschluss \u00fcber die Erhebung, Verarbeitung und Nutzung personenbezogener Daten. Ferner wird dort erl\u00e4utert, welche Einstellungsm\u00f6glichkeiten zum Schutz Ihrer Privatsph\u00e4re geboten werden. Zudem sind unterschiedliche Applikationen erh\u00e4ltlich, die es erm\u00f6glichen, eine Daten\u00fcbermittlung an Netzwerke zu unterdr\u00fccken. Solche Applikationen k\u00f6nnen von Ihnen genutzt werden, um eine Daten\u00fcbermittlung zu unterdr\u00fccken.<\/p><p><strong>Cookies<\/strong><\/p><p>Notwendige Cookies erm\u00f6glichen grundlegende Funktionen und sind f\u00fcr das einwandfreie Funktionieren der Website notwendig.<br \/>Auf der Webseite www.equus-medienagentur.com werden f\u00fcr die grundlegenden Funktionen sowie f\u00fcr das einwandfreie Funktionieren Cookies eingesetzt, u.a. evtl. auch Facebook Pixel. Sie haben beim Besuch auf der Seite Dikla Stern die M\u00f6glichkeit sich diesbez\u00fcglich weitere Informationen anzeigen zulassen um alle oder bestimmte Cookies zuzulassen oder abzulehnen.<\/p><p><strong>Essentiell verwendete Cookies:<\/strong> Borlabs<\/p><p><strong>Extern verwendete Cookies:<\/strong><br \/>Facebook \u2013\u00a0https:\/\/www.facebook.com\/privacy\/explanation<br \/>Google \u2013\u00a0https:\/\/policies.google.com\/privacy?hl=en&amp;gl=en<br \/>Instagram \u2013\u00a0https:\/\/www.instagram.com\/legal\/privacy\/<br \/>OpenStreetMap \u2013\u00a0https:\/\/wiki.osmfoundation.org\/wiki\/Privacy_Policy<br \/>LinkedIn \u2013 https:\/\/de.linkedin.com\/legal\/privacy-policy<br \/>Youtube \u2013\u00a0https:\/\/policies.google.com\/privacy?hl=en&amp;gl=en<\/p><p>Die Datenschutzbestimmungen sind \u00fcber den jeweiligen Link aufrufbar.<\/p><p>Inhalte von Videoplattformen und Social-Media-Plattformen werden standardm\u00e4\u00dfig blockiert. Wenn Cookies f\u00fcr externe Medien akzeptiert werden, ist f\u00fcr den Zugriff auf diese Inhalte keine manuelle Zustimmung mehr erforderlich.<\/p><p><strong>Flash Counter Statistikservice<\/strong><\/p><p>Diese Website benutzt den\u00a0FlashCounter Statistikservice, einen kostenlosen Dienst der\u00a0Augsburger Webagentur Team23\u00a0zur statistischen Auswertung der Besucherzugriffe. F\u00fcr die technische Umsetzung werden Cookies (Textdateien, die auf dem Computer der Besucher der Webseite gespeichert werden) und die Speicherung Ihrer IP-Adresse ben\u00f6tigt. Diese Daten sind f\u00fcr den Anbieter nicht bestimmten Personen zuordbar. Eine Zusammenf\u00fchrung der IP-Adresse mit anderen Datenquellen wird nicht vorgenommen. Die IP-Adressen und Cookies werden in der Regel nach einigen Tagen aber sp\u00e4testens nach einem Monat gel\u00f6scht. Die durch den Cookie erzeugten Informationen \u00fcber Ihre Benutzung dieses Internetangebotes werden auf dem Server der Team23 Internetagentur in Deutschland gespeichert. Die IP-Adresse wird vor deren Speicherung anonymisiert.<\/p><p>Ihr Besuch dieser Webseite wird aktuell v\u00f6llig anonym von der FlashCounter Webanalyse erfasst.<\/p><p>Wenn Sie dies nicht w\u00fcnschen, k\u00f6nnen Sie die Installation von Cookies durch eine entsprechende Einstellung Ihrer Browser-Software generell verhindern. In diesem Fall k\u00f6nnen jedoch auf diversen Websites nicht s\u00e4mtliche Funktionen uneingeschr\u00e4nkt nutzbar sein.<\/p><p>Eine weitere M\u00f6glichkeit, nicht von der Webanalyse erfasst zu werden, ist ein Widerspruch in Form der Speicherung eines sogenannten Opt-Out-Cookies in Ihrem Browser. Solange dieser in Ihrem Browser abgelegt ist, wird FlashCounter Ihre Benutzerdaten nicht analysieren.<\/p><p>Bitte beachten Sie, dass Ihr Widerspruch nicht mehr nachvollzogen werden kann, wenn Sie die Website mit einem anderen Browser besuchen oder den Opt-Out-Cookie zwischenzeitlich gel\u00f6scht haben. In diesem Fall ist eine erneute Speicherung des Opt-Out-Cookies n\u00f6tig.<\/p><p>Klicken Sie den folgenden Link, um den FlashCounter-Opt-Out-Cookie in Ihrem Browser abzulegen:\u00a0http:\/\/fc.webmasterpro.de\/optoutcookie.html<\/p><p><strong>Haftungshinweis<\/strong><\/p><p>F\u00fcr die Inhalte externer Links \u00fcbernimmt Dikla Stern keine Haftung. F\u00fcr den Inhalt der verlinkten Seiten sind ausschlie\u00dflich deren Betreiber verantwortlich.<\/p><p>\u2022\u2022\u2022\u2022\u2022\u2022\u2022\u2022\u2022\u2022\u2022\u2022\u2022\u2022\u2022\u2022\u2022\u2022\u2022\u2022\u2022\u2022\u2022\u2022\u2022\u2022\u2022\u2022\u2022\u2022\u2022\u2022\u2022\u2022\u2022\u2022\u2022\u2022\u2022\u2022\u2022\u2022\u2022\u2022\u2022\u2022\u2022\u2022\u2022\u2022\u2022\u2022\u2022\u2022\u2022\u2022\u2022\u2022\u2022\u2022\u2022\u2022\u2022\u2022\u2022\u2022\u2022\u2022\u2022\u2022\u2022\u2022\u2022\u2022\u2022\u2022\u2022\u2022\u2022\u2022\u2022\u2022\u2022\u2022\u2022\u2022\u2022\u2022\u2022\u2022\u2022\u2022\u2022\u2022\u2022\u2022\u2022\u2022\u2022\u2022\u2022\u2022\u2022\u2022\u2022\u2022\u2022\u2022\u2022\u2022\u2022\u2022\u2022\u2022\u2022\u2022\u2022\u2022\u2022\u2022\u2022\u2022\u2022\u2022\u2022\u2022\u2022\u2022\u2022\u2022\u2022\u2022\u2022\u2022\u2022\u2022\u2022\u2022\u2022\u2022\u2022\u2022\u2022\u2022\u2022\u2022\u2022\u2022\u2022\u2022\u2022\u2022\u2022\u2022\u2022<\/p><p><strong>Erkl\u00e4rung von Begrifflichkeiten<\/strong><\/p><p>\u2022 personenbezogene Daten<br \/>Personenbezogene Daten sind alle Informationen, die sich auf eine identifizierte oder identifizierbare nat\u00fcrliche Person (im Folgenden \u201ebetroffene Person\u201c) beziehen. Als identifizierbar wird eine nat\u00fcrliche Person angesehen, die direkt oder indirekt, insbesondere mittels Zuordnung zu einer Kennung wie einem Namen, zu einer Kennnummer, zu Standortdaten, zu einer Online-Kennung oder zu einem oder mehreren besonderen Merkmalen, die Ausdruck der physischen, physiologischen, genetischen, psychischen, wirtschaftlichen, kulturellen oder sozialen Identit\u00e4t dieser nat\u00fcrlichen Person sind, identifiziert werden kann.<\/p><p>\u2022 betroffene Person<br \/>Betroffene Person ist jede identifizierte oder identifizierbare nat\u00fcrliche Person, deren personenbezogene Daten von dem f\u00fcr die Verarbeitung Verantwortlichen verarbeitet werden.<\/p><p>\u2022 Verarbeitung<br \/>Verarbeitung ist jeder mit oder ohne Hilfe automatisierter Verfahren ausgef\u00fchrte Vorgang oder jede solche Vorgangsreihe im Zusammenhang mit personenbezogenen Daten wie das Erheben, das Erfassen, die Organisation, das Ordnen, die Speicherung, die Anpassung oder Ver\u00e4nderung, das Auslesen, das Abfragen, die Verwendung, die Offenlegung durch \u00dcbermittlung, Verbreitung oder eine andere Form der Bereitstellung, den Abgleich oder die Verkn\u00fcpfung, die Einschr\u00e4nkung, das L\u00f6schen oder die Vernichtung.<\/p><p>\u2022 Einschr\u00e4nkung der Verarbeitung<br \/>Einschr\u00e4nkung der Verarbeitung ist die Markierung gespeicherter personenbezogener Daten mit dem Ziel, ihre k\u00fcnftige Verarbeitung einzuschr\u00e4nken.<\/p><p>\u2022 Profiling<br \/>Profiling ist jede Art der automatisierten Verarbeitung personenbezogener Daten, die darin besteht, dass diese personenbezogenen Daten verwendet werden, um bestimmte pers\u00f6nliche Aspekte, die sich auf eine nat\u00fcrliche Person beziehen, zu bewerten, insbesondere, um Aspekte bez\u00fcglich Arbeitsleistung, wirtschaftlicher Lage, Gesundheit, pers\u00f6nlicher Vorlieben, Interessen, Zuverl\u00e4ssigkeit, Verhalten, Aufenthaltsort oder Ortswechsel dieser nat\u00fcrlichen Person zu analysieren oder vorherzusagen.<\/p><p>\u2022 Auftragsverarbeiter<br \/>Auftragsverarbeiter ist eine nat\u00fcrliche oder juristische Person, Beh\u00f6rde, Einrichtung oder andere Stelle, die personenbezogene Daten im Auftrag des Verantwortlichen verarbeitet.<\/p><p>\u2022 Einwilligung<br \/>Einwilligung ist jede von der betroffenen Person freiwillig f\u00fcr den bestimmten Fall in informierter Weise und unmissverst\u00e4ndlich abgegebene Willensbekundung in Form einer Erkl\u00e4rung oder einer sonstigen eindeutigen best\u00e4tigenden Handlung, mit der die betroffene Person zu verstehen gibt, dass sie mit der Verarbeitung der sie betreffenden personenbezogenen Daten einverstanden ist.<\/p><p>\u2022 Dritter<br \/>Dritter ist eine nat\u00fcrliche oder juristische Person, Beh\u00f6rde, Einrichtung oder andere Stelle au\u00dfer der betroffenen Person, dem Verantwortlichen, dem Auftragsverarbeiter und den Personen, die unter der unmittelbaren Verantwortung des Verantwortlichen oder des Auftragsverarbeiters befugt sind, die personenbezogenen Daten zu verarbeiten.<\/p><p>\u2022\u00a0Cookies und ihr Einsatz<br \/>Wie fast alle Webseiten und Apps verwenden 1&amp;1 Ionos kleine Textdateien, sogenannte Cookies, die auf der Festplatte oder im App-Cache Ihres mobilen Ger\u00e4ts abgelegt werden. Diese Cookies erm\u00f6glichen keine pers\u00f6nliche Identifikation, sind aber f\u00fcr einen benutzerfreundlichen Betrieb der Website unabdingbar.<\/p><p>Arten von Cookies, die auf der 1&amp;1 Ionos Website verwendet werden:<br \/>Cookies sind klassifiziert nach Herkunft, Zweck oder Ablaufzeit. Die von 1&amp;1 Ionos verwendeten Cookies dienen unterschiedlichen Zwecken; ihre G\u00fcltigkeitsdauer ist variabel.<\/p><p><strong>1. Herkunft<\/strong><\/p><p>\u2013 First-Party-Cookies: werden direkt von 1&amp;1 Ionos hinterlegt und verwaltet.<br \/>\u2013 Third-Party-Cookies: hinterlegt und verwaltet von Partnern, um statistische Analysen der Navigation auf der Seite von 1&amp;1 Ionos durchzuf\u00fchren. Diese Analysen werden selbstverst\u00e4ndlich nur pseudonym durchgef\u00fchrt.<\/p><p><strong>2. Zweck<\/strong><\/p><p>\u2013 Technische Cookies: Hierdurch wird unter anderem eine reibungslose Nutzung der Navigation auf der Website gew\u00e4hrleistet. Zus\u00e4tzlich wird auch der Zugriff auf Tools mit eingeschr\u00e4nktem Zugriff erm\u00f6glicht.<br \/>\u2013 Cookies zu Analyse- und Werbezwecken: Sie erm\u00f6glichen, Statistiken der Besucher der Website zu realisieren \u2013 hierzu geh\u00f6ren beispielsweise die Anzahl der Besuche in verschiedenen Bereichen der Website, H\u00e4ufigkeit der Besuche oder Verhaltensweisen und Gewohnheiten der Nutzer. Verbessert werden k\u00f6nnen so die Navigation, Dienstleistungen und Angebote der 1&amp;1 Ionos sowie die interessenbezogene Nutzung von Werbefl\u00e4chen. Klicken Sie auf eine dieser Werbefl\u00e4chen, k\u00f6nnen Cookies platziert werden. So haben wir die M\u00f6glichkeit, pseudonyme Nutzerprofile zu erstellen, um interessenbezogene Werbung bereitzustellen.<\/p><p><strong>3. G\u00fcltigkeit<\/strong><\/p><p>\u2013 Session Cookies: Diese Cookies sammeln und speichern Daten f\u00fcr die Dauer, auf der der Nutzer sich auf der 1&amp;1 Ionos Website befindet. \u2013 Permanente Cookies: Diese Cookies sammeln und speichern Daten im Browser innerhalb eines variablen Zeitraums, je nach Zweck. Durch spezielle Browsereinstellungen k\u00f6nnen Sie alle oder einige Cookies auf Ihrem Ger\u00e4t akzeptieren, blockieren oder deaktivieren.<\/p><p>Auch wenn Ihre Einstellungen im Browser dahingehend ver\u00e4ndert wurden, dass bestimmte Cookies blockiert sind, k\u00f6nnen Sie weiterhin auf die Informationen der gesamte 1&amp;1 Ionos Website zugreifen. Allerdings k\u00f6nnte die Bedienung oder die Nutzung bestimmter Dienste, die von 1&amp;1 Ionos angeboten werden, eingeschr\u00e4nkt sein.<br \/>Sollten Sie der Verwendung von Cookies zugestimmt haben, k\u00f6nnen Sie dieses Einverst\u00e4ndnis jederzeit zur\u00fcckziehen. Bestehende Cookies werden dann gel\u00f6scht.<br \/>1&amp;1 Ionos beh\u00e4lt sich das Recht vor, diese Cookie-Richtlinie zu \u00e4ndern, sofern \u00c4nderungen an der Konfiguration und\/oder der Verwendung von Cookies vorgenommen werden. Eine aktualisierte Version wird auf dieser Website ver\u00f6ffentlicht.<br \/>Ihre Einstellungen zu Cookies k\u00f6nnen Sie unter\u00a0https:\/\/hosting.1&amp;1.de\/cookies\u00a0vornehmen.<\/p><p>\u2022 1&amp;1 Ionos WebAnalytics<br \/>Zweck der Verarbeitung<br \/>Statistische Auswertung und technischen Optimierung des Webangebots. Die Daten werden vollst\u00e4ndig anonym verarbeitet.<\/p><p>Kategorien personenbezogener Daten<br \/>Bestandsdaten, Nutzungsdaten, Inhaltsdaten<\/p><p>Rechtsgrundlage<br \/>Vertragsdurchf\u00fchrung, Art. 6 Abs. 1 lit. b DSGVO<\/p><p>\u2022 Zweck und Verwendung der Logfiles<br \/>Im Webumfeld greift die Suchmaschinenoptimierung (SEO \u2013 Search Engine Optimization) oft auf Logfiles zur\u00fcck. Die gespeicherten Daten liefern Anhaltspunkte \u00fcber die Herkunft von Besuchern und die aufgerufenen Seiten eines Internetauftritts. Diese Informationen lassen sich einsetzen, um die Website hinsichtlich Userfreundlichkeit und Informationsgehalt zu optimieren. Weitere Informationen, die sich aus den Logfiles eines Webservers gewinnen lassen, sind Performancedaten der Website, Erreichbarkeitsinformationen und Fehlerdaten.<\/p><p>Ein Logfile kann unterschiedliche Zwecke erf\u00fcllen. F\u00fcr gew\u00f6hnlich kommen Logdateien f\u00fcr folgende Aktionen zum Einsatz:<\/p><p>\u2013 Problemanalyse von Computersystemen (Untersuchung eines Computerabsturzes)<br \/>\u2013 Problemanalyse in Netzwerken<br \/>\u2013 Nachvollziehbarkeit von Datentransaktionen<br \/>\u2013 Rekonstruktion verlorener Daten<br \/>\u2013 Untersuchung von Datenzugriffen<br \/>\u2013 Untersuchung des Userverhaltens<br \/>\u2013 Protokollierung sicherheitsrelevanter Ereignisse<br \/>\u2013 Erf\u00fcllung von Compliancevorgaben<\/p>\t\t\t\t\t\t\t\t<\/div>\n\t\t\t\t<\/div>\n\t\t\t\t\t<\/div>\n\t\t<\/div>\n\t\t\t\t\t<\/div>\n\t\t<\/section>\n\t\t\t\t<\/div>","protected":false},"excerpt":{"rendered":"<p>EU- Datenschutzgrundverordnung (DSGVO) g\u00fcltig ab 25.05.2018 Datenschutzerkl\u00e4rung&nbsp; Willkommen auf meiner Seite. Auf Equus \u2013 Print Online Social Media Management, werden keine personenbezogene Daten angefragt. Die Nutzung der Seite ist somit ohne pers\u00f6nliche Angaben m\u00f6glich. Sollten Sie mit mir aufgrund Anfragen, [&hellip;]<\/p>","protected":false},"author":2,"featured_media":0,"parent":0,"menu_order":0,"comment_status":"closed","ping_status":"closed","template":"","meta":{"footnotes":""},"class_list":["post-4019","page","type-page","status-publish","hentry"],"_links":{"self":[{"href":"https:\/\/equus-medienagentur.com\/en\/wp-json\/wp\/v2\/pages\/4019","targetHints":{"allow":["GET"]}}],"collection":[{"href":"https:\/\/equus-medienagentur.com\/en\/wp-json\/wp\/v2\/pages"}],"about":[{"href":"https:\/\/equus-medienagentur.com\/en\/wp-json\/wp\/v2\/types\/page"}],"author":[{"embeddable":true,"href":"https:\/\/equus-medienagentur.com\/en\/wp-json\/wp\/v2\/users\/2"}],"replies":[{"embeddable":true,"href":"https:\/\/equus-medienagentur.com\/en\/wp-json\/wp\/v2\/comments?post=4019"}],"version-history":[{"count":14,"href":"https:\/\/equus-medienagentur.com\/en\/wp-json\/wp\/v2\/pages\/4019\/revisions"}],"predecessor-version":[{"id":4530,"href":"https:\/\/equus-medienagentur.com\/en\/wp-json\/wp\/v2\/pages\/4019\/revisions\/4530"}],"wp:attachment":[{"href":"https:\/\/equus-medienagentur.com\/en\/wp-json\/wp\/v2\/media?parent=4019"}],"curies":[{"name":"wp","href":"https:\/\/api.w.org\/{rel}","templated":true}]}}