{"id":592,"date":"2019-01-10T09:55:50","date_gmt":"2019-01-10T09:55:50","guid":{"rendered":"https:\/\/manon.qodeinteractive.com\/elementor\/?page_id=592"},"modified":"2022-06-26T23:59:25","modified_gmt":"2022-06-26T23:59:25","slug":"netzwerk","status":"publish","type":"page","link":"https:\/\/equus-medienagentur.com\/en\/netzwerk","title":{"rendered":"NETWORK"},"content":{"rendered":"<div data-elementor-type=\"wp-page\" data-elementor-id=\"592\" class=\"elementor elementor-592\" data-elementor-post-type=\"page\">\n\t\t\t\t\t\t<section class=\"elementor-section elementor-top-section elementor-element elementor-element-e098927 elementor-section-full_width edgtf-row-grid-section elementor-section-height-default elementor-section-height-default edgtf-parallax-row-no edgtf-content-aligment-left edgtf-disabled-bg-image-bellow-no\" data-id=\"e098927\" data-element_type=\"section\">\n\t\t\t\t\t\t<div class=\"elementor-container elementor-column-gap-default\">\n\t\t\t\t\t<div class=\"elementor-column elementor-col-100 elementor-top-column elementor-element elementor-element-f55b37b\" data-id=\"f55b37b\" data-element_type=\"column\">\n\t\t\t<div class=\"elementor-widget-wrap elementor-element-populated\">\n\t\t\t\t\t\t<div class=\"elementor-element elementor-element-0ff1ab8 elementor-widget elementor-widget-edgtf_section_title\" data-id=\"0ff1ab8\" data-element_type=\"widget\" data-widget_type=\"edgtf_section_title.default\">\n\t\t\t\t<div class=\"elementor-widget-container\">\n\t\t\t\t\t<div class=\"edgtf-section-title-holder  edgtf-st-standard edgtf-st-title-left edgtf-st-normal-space edgtf-st-disable-title-break\" >\n\t<div class=\"edgtf-st-inner\">\n\t\t\t\t\t<h2 class=\"edgtf-st-title\" >\n\t\t\t\tFreelancer?\t\t\t<\/h2>\n\t\t\t\t\t<\/div>\n<\/div>\t\t\t\t<\/div>\n\t\t\t\t<\/div>\n\t\t\t\t<div class=\"elementor-element elementor-element-e76ffc1 elementor-widget elementor-widget-text-editor\" data-id=\"e76ffc1\" data-element_type=\"widget\" data-widget_type=\"text-editor.default\">\n\t\t\t\t<div class=\"elementor-widget-container\">\n\t\t\t\t\t\t\t\t\t<div>Equus arbeitet mit einem Netzwerk an Freelancer:innen zusammen und erweitert st\u00e4ndig seinen Pool. F\u00fcr folgende Bereiche bieten wir f\u00fcr zuk\u00fcnftige Projekte eine\u00a0 Zusammenarbeit in Berlin oder Remote an:<\/div>\t\t\t\t\t\t\t\t<\/div>\n\t\t\t\t<\/div>\n\t\t\t\t\t<\/div>\n\t\t<\/div>\n\t\t\t\t\t<\/div>\n\t\t<\/section>\n\t\t\t\t<section class=\"elementor-section elementor-top-section elementor-element elementor-element-7c3fc7c elementor-section-full_width edgtf-row-grid-section elementor-section-height-default elementor-section-height-default edgtf-parallax-row-no edgtf-content-aligment-left edgtf-disabled-bg-image-bellow-no\" data-id=\"7c3fc7c\" data-element_type=\"section\">\n\t\t\t\t\t\t<div class=\"elementor-container elementor-column-gap-default\">\n\t\t\t\t\t<div class=\"elementor-column elementor-col-100 elementor-top-column elementor-element elementor-element-29f7203\" data-id=\"29f7203\" data-element_type=\"column\">\n\t\t\t<div class=\"elementor-widget-wrap elementor-element-populated\">\n\t\t\t\t\t\t<div class=\"elementor-element elementor-element-563c05c elementor-widget elementor-widget-text-editor\" data-id=\"563c05c\" data-element_type=\"widget\" data-widget_type=\"text-editor.default\">\n\t\t\t\t<div class=\"elementor-widget-container\">\n\t\t\t\t\t\t\t\t\t<ul style=\"list-style:square inside;\">\n<li>Grafikdesign \/ Corporate Design \/ Creative Design<\/li>\n<li>UI, UX Design \/ Webseiten-Programmierung (WordPress)<\/li>\n<li>Social-Media-Spezialisten:innen (Content Bild +)<\/li>\n<li>Netzwerk-Spezialisten:innen (LinkedIn, FB, Twitter, IG, TikTok etc.)<\/li>\n<li>Texterstellung \/ Lektorat \/ \u00dcbersetzung <\/li>\n<li>Creative \/ Illustration \/ <\/li>\n<li>Rechtsanw\u00e4lte:innen,  Medienrecht (IT, Online, Medien)<\/li>\n<\/ul>\t\t\t\t\t\t\t\t<\/div>\n\t\t\t\t<\/div>\n\t\t\t\t<div class=\"elementor-element elementor-element-ef4f43b elementor-widget elementor-widget-text-editor\" data-id=\"ef4f43b\" data-element_type=\"widget\" data-widget_type=\"text-editor.default\">\n\t\t\t\t<div class=\"elementor-widget-container\">\n\t\t\t\t\t\t\t\t\t<p>Dabei wird Wert auf Motivation, Schnelligkeit und ein Auge f\u00fcr Details Wert gelegt.<\/p>\t\t\t\t\t\t\t\t<\/div>\n\t\t\t\t<\/div>\n\t\t\t\t<div class=\"elementor-element elementor-element-a46a073 elementor-widget elementor-widget-heading\" data-id=\"a46a073\" data-element_type=\"widget\" data-widget_type=\"heading.default\">\n\t\t\t\t<div class=\"elementor-widget-container\">\n\t\t\t\t\t<h6 class=\"elementor-heading-title elementor-size-default\">\nSende\/n Du\/Sie uns unverbindlich ein Portfolio, Webseite oder Link zu. (KEIN Lebenslauf!)<\/h6>\t\t\t\t<\/div>\n\t\t\t\t<\/div>\n\t\t\t\t<div class=\"elementor-element elementor-element-ed0deb2 elementor-widget elementor-widget-button\" data-id=\"ed0deb2\" data-element_type=\"widget\" data-widget_type=\"button.default\">\n\t\t\t\t<div class=\"elementor-widget-container\">\n\t\t\t\t\t\t\t\t\t<div class=\"elementor-button-wrapper\">\n\t\t\t\t\t<a class=\"elementor-button elementor-button-link elementor-size-md\" href=\"mailto:info@equus-medienagentur.com%20\">\n\t\t\t\t\t\t<span class=\"elementor-button-content-wrapper\">\n\t\t\t\t\t\t<span class=\"elementor-button-icon\">\n\t\t\t\t<i aria-hidden=\"true\" class=\"far fa-envelope\"><\/i>\t\t\t<\/span>\n\t\t\t\t\t\t\t\t\t<span class=\"elementor-button-text\">mailto:info@equus-medienagentur.com <\/span>\n\t\t\t\t\t<\/span>\n\t\t\t\t\t<\/a>\n\t\t\t\t<\/div>\n\t\t\t\t\t\t\t\t<\/div>\n\t\t\t\t<\/div>\n\t\t\t\t\t<\/div>\n\t\t<\/div>\n\t\t\t\t\t<\/div>\n\t\t<\/section>\n\t\t\t\t<\/div>","protected":false},"excerpt":{"rendered":"<p>Freelancer? Equus arbeitet mit einem Netzwerk an Freelancer:innen zusammen und erweitert st\u00e4ndig seinen Pool. F\u00fcr folgende Bereiche bieten wir f\u00fcr zuk\u00fcnftige Projekte eine&nbsp; Zusammenarbeit in Berlin oder Remote an: Grafikdesign \/ Corporate Design \/ Creative Design UI, UX Design \/ [&hellip;]<\/p>","protected":false},"author":2,"featured_media":0,"parent":0,"menu_order":0,"comment_status":"closed","ping_status":"closed","template":"full-width.php","meta":{"footnotes":""},"class_list":["post-592","page","type-page","status-publish","hentry"],"_links":{"self":[{"href":"https:\/\/equus-medienagentur.com\/en\/wp-json\/wp\/v2\/pages\/592","targetHints":{"allow":["GET"]}}],"collection":[{"href":"https:\/\/equus-medienagentur.com\/en\/wp-json\/wp\/v2\/pages"}],"about":[{"href":"https:\/\/equus-medienagentur.com\/en\/wp-json\/wp\/v2\/types\/page"}],"author":[{"embeddable":true,"href":"https:\/\/equus-medienagentur.com\/en\/wp-json\/wp\/v2\/users\/2"}],"replies":[{"embeddable":true,"href":"https:\/\/equus-medienagentur.com\/en\/wp-json\/wp\/v2\/comments?post=592"}],"version-history":[{"count":7,"href":"https:\/\/equus-medienagentur.com\/en\/wp-json\/wp\/v2\/pages\/592\/revisions"}],"predecessor-version":[{"id":4381,"href":"https:\/\/equus-medienagentur.com\/en\/wp-json\/wp\/v2\/pages\/592\/revisions\/4381"}],"wp:attachment":[{"href":"https:\/\/equus-medienagentur.com\/en\/wp-json\/wp\/v2\/media?parent=592"}],"curies":[{"name":"wp","href":"https:\/\/api.w.org\/{rel}","templated":true}]}}